{"id":1372,"date":"2021-02-04T21:40:56","date_gmt":"2021-02-04T20:40:56","guid":{"rendered":"https:\/\/www.identisens.fr\/?page_id=1372"},"modified":"2021-02-16T16:51:41","modified_gmt":"2021-02-16T15:51:41","slug":"temoignage","status":"publish","type":"page","link":"https:\/\/www.identisens.fr\/index.php\/temoignage\/","title":{"rendered":"T\u00e9moignage"},"content":{"rendered":"\t\t<div data-elementor-type=\"wp-post\" data-elementor-id=\"1372\" class=\"elementor elementor-1372\" data-elementor-settings=\"[]\">\n\t\t\t<div class=\"elementor-inner\">\n\t\t\t\t<div class=\"elementor-section-wrap\">\n\t\t\t\t\t\t\t<section class=\"elementor-element elementor-element-1152c03 elementor-section-boxed elementor-section-height-default elementor-section-height-default elementor-section elementor-top-section\" data-id=\"1152c03\" data-element_type=\"section\">\n\t\t\t\t\t\t<div class=\"elementor-container elementor-column-gap-default\">\n\t\t\t\t<div class=\"elementor-row\">\n\t\t\t\t<div class=\"elementor-element elementor-element-265ffd2 elementor-column elementor-col-100 elementor-top-column\" data-id=\"265ffd2\" data-element_type=\"column\">\n\t\t\t<div class=\"elementor-column-wrap  elementor-element-populated\">\n\t\t\t\t\t<div class=\"elementor-widget-wrap\">\n\t\t\t\t<div class=\"elementor-element elementor-element-43923ca elementor-widget elementor-widget-spacer\" data-id=\"43923ca\" data-element_type=\"widget\" data-widget_type=\"spacer.default\">\n\t\t\t\t<div class=\"elementor-widget-container\">\n\t\t\t\t\t<div class=\"elementor-spacer\">\n\t\t\t<div class=\"elementor-spacer-inner\"><\/div>\n\t\t<\/div>\n\t\t\t\t<\/div>\n\t\t\t\t<\/div>\n\t\t\t\t<div class=\"elementor-element elementor-element-3a0102d elementor-widget elementor-widget-image\" data-id=\"3a0102d\" data-element_type=\"widget\" data-widget_type=\"image.default\">\n\t\t\t\t<div class=\"elementor-widget-container\">\n\t\t\t\t\t<div class=\"elementor-image\">\n\t\t\t\t\t\t\t\t\t\t<img src=\"https:\/\/www.identisens.fr\/wp-content\/uploads\/elementor\/thumbs\/016-leaf-10-p2whg96klb7uq1pypjl793nhrbwf6lix2qk0avgzr4.png\" title=\"016-leaf-10\" alt=\"016-leaf-10\" \/>\t\t\t\t\t\t\t\t\t\t\t<\/div>\n\t\t\t\t<\/div>\n\t\t\t\t<\/div>\n\t\t\t\t<div class=\"elementor-element elementor-element-077adca elementor-align-center elementor-widget elementor-widget-raven-heading\" data-id=\"077adca\" data-element_type=\"widget\" data-widget_type=\"raven-heading.default\">\n\t\t\t\t<div class=\"elementor-widget-container\">\n\t\t\t\t\t<div class=\"raven-widget-wrapper\"><h2 class=\"raven-heading raven-heading-h2\"><span class=\"raven-heading-title\">T\u00e9moignages<\/span><\/h2><\/div>\r\n\t\t\t\t<\/div>\n\t\t\t\t<\/div>\n\t\t\t\t<div class=\"elementor-element elementor-element-6fb88f8 elementor-widget elementor-widget-divider\" data-id=\"6fb88f8\" data-element_type=\"widget\" data-widget_type=\"divider.default\">\n\t\t\t\t<div class=\"elementor-widget-container\">\n\t\t\t\t\t<div class=\"elementor-divider\">\n\t\t\t<span class=\"elementor-divider-separator\">\n\t\t\t\t\t\t<\/span>\n\t\t<\/div>\n\t\t\t\t<\/div>\n\t\t\t\t<\/div>\n\t\t\t\t<div class=\"elementor-element elementor-element-ff03adc elementor-widget elementor-widget-jet-slider\" data-id=\"ff03adc\" data-element_type=\"widget\" data-widget_type=\"jet-slider.default\">\n\t\t\t\t<div class=\"elementor-widget-container\">\n\t\t\t<div class=\"elementor-jet-slider jet-elements\">\n<div class=\"jet-slider jet-slider__image-exact\" data-settings='{\"sliderWidth\":{\"unit\":\"%\",\"size\":100,\"sizes\":[]},\"sliderHeight\":{\"unit\":\"px\",\"size\":510,\"sizes\":[]},\"sliderHeightTablet\":{\"unit\":\"px\",\"size\":\"\",\"sizes\":[]},\"sliderHeightMobile\":{\"unit\":\"px\",\"size\":\"\",\"sizes\":[]},\"sliderNavigation\":true,\"sliderNavigationIcon\":\"jet-slider__arrow-icon-ff03adc\",\"sliderNaviOnHover\":true,\"sliderPagination\":true,\"sliderAutoplay\":true,\"sliderAutoplayDelay\":5000,\"sliderAutoplayOnHover\":\"pause\",\"sliderFullScreen\":false,\"sliderFullscreenIcon\":\"jet-slider__fullscreen-icon-ff03adc\",\"sliderShuffle\":false,\"sliderLoop\":false,\"sliderFadeMode\":false,\"slideDistance\":{\"unit\":\"px\",\"size\":8,\"sizes\":[]},\"slideDuration\":500,\"imageScaleMode\":\"exact\",\"thumbnails\":false,\"thumbnailWidth\":120,\"thumbnailWidthTablet\":\"\",\"thumbnailWidthMobile\":\"\",\"thumbnailHeight\":80,\"thumbnailHeightTablet\":\"\",\"thumbnailHeightMobile\":\"\",\"rightToLeft\":false}'>\n\t\n<div class=\"slider-pro\"><div class=\"jet-slider__arrow-icon-ff03adc hidden-html\"><i aria-hidden=\"true\" class=\"fas fa-angle-left\"><\/i><\/div><div class=\"jet-slider__fullscreen-icon-ff03adc hidden-html\"><\/div><div class=\"jet-slider__items sp-slides\">\n\n<div class=\"jet-slider__item sp-slide\"><img class=\"sp-image\" src=\"https:\/\/www.identisens.fr\/wp-content\/uploads\/2019\/07\/abstract-autumn-autumn-colours-688830-1024x683.jpg\" alt=\"abstract-autumn-autumn-colours-688830\"><div class=\"jet-slider__content sp-layer\" data-position=\"centerCenter\" data-width=\"100%\" data-height=\"100%\" data-horizontal=\"0%\" data-show-transition=\"up\" data-show-duration=\"400\" data-show-delay=\"400\">\n\t\t<div class=\"jet-slider__content-item\">\n\t\t\t<div class=\"jet-slider__content-inner\"><h5 class=\"jet-slider__title\">\u00ab\u00a0Par son approche \u00e0 la fois tr\u00e8s professionnelle et bienveillante, Isabelle m\u2019a permis d\u2019exprimer mes forces, de reprendre confiance en moi et de retrouver le chemin de l\u2019action\u00a0\u00bb <\/h5><h5 class=\"jet-slider__subtitle\">Lisbeth<\/h5><div class=\"jet-slider__desc\">Directrice de la communication<\/div>\n\t\t\t\t\t\t<div class=\"jet-slider__button-wrapper\">\t\t\t\t\t\t<\/div><\/div>\n\t\t<\/div>\n\t<\/div>\n<\/div>\n\n<div class=\"jet-slider__item sp-slide\"><img class=\"sp-image\" src=\"https:\/\/www.identisens.fr\/wp-content\/uploads\/2019\/07\/abstract-autumn-autumn-colours-688830-1024x683.jpg\" alt=\"abstract-autumn-autumn-colours-688830\"><div class=\"jet-slider__content sp-layer\" data-position=\"centerCenter\" data-width=\"100%\" data-height=\"100%\" data-horizontal=\"0%\" data-show-transition=\"up\" data-show-duration=\"400\" data-show-delay=\"400\">\n\t\t<div class=\"jet-slider__content-item\">\n\t\t\t<div class=\"jet-slider__content-inner\"><h5 class=\"jet-slider__title\">\u00ab\u00a0Ce travail de coaching m\u2019a permis de mieux me conna\u00eetre et de red\u00e9couvrir mes comp\u00e9tences, mes capacit\u00e9s. J\u2019ai repris confiance en moi et compris que j\u2019\u00e9tais capable d\u2019agir pour mener \u00e0 bien ce projet de reconversion dans les m\u00e9tiers de bouche qui me tenait tant \u00e0 c\u0153ur. Aujourd\u2019hui, j\u2019ai chang\u00e9 d\u2019univers professionnel et je m\u2019\u00e9panouis totalement dans mon nouveau m\u00e9tier.\u00a0\u00bb<\/h5><h5 class=\"jet-slider__subtitle\">Fabienne<\/h5><div class=\"jet-slider__desc\">Entrepreneure<\/div>\n\t\t\t\t\t\t<div class=\"jet-slider__button-wrapper\">\t\t\t\t\t\t<\/div><\/div>\n\t\t<\/div>\n\t<\/div>\n<\/div>\n\n<div class=\"jet-slider__item sp-slide\"><img class=\"sp-image\" src=\"https:\/\/www.identisens.fr\/wp-content\/uploads\/2019\/07\/abstract-autumn-autumn-colours-688830-1024x683.jpg\" alt=\"abstract-autumn-autumn-colours-688830\"><div class=\"jet-slider__content sp-layer\" data-position=\"centerCenter\" data-width=\"100%\" data-height=\"100%\" data-horizontal=\"0%\" data-show-transition=\"up\" data-show-duration=\"400\" data-show-delay=\"400\">\n\t\t<div class=\"jet-slider__content-item\">\n\t\t\t<div class=\"jet-slider__content-inner\"><h5 class=\"jet-slider__title\">\u00ab\u00a0Merci \u00e0 vous pour votre \u00e9coute, votre bienveillance et votre empathie. J\u2019ai particuli\u00e8rement appr\u00e9ci\u00e9 la relation de confiance qui s\u2019est instaur\u00e9e et les outils pertinents qui m\u2019ont \u00e9t\u00e9 propos\u00e9s. Ils m\u2019ont permis d\u2019identifier toutes les ressources que j\u2019avais \u00e0 ma disposition et qui vont m\u2019aider \u00e0 progresser sur ma nouvelle voie professionnelle.\u00a0\u00bb<\/h5><h5 class=\"jet-slider__subtitle\">Martin<\/h5><div class=\"jet-slider__desc\">Responsable de projet<\/div>\n\t\t\t\t\t\t<div class=\"jet-slider__button-wrapper\">\t\t\t\t\t\t<\/div><\/div>\n\t\t<\/div>\n\t<\/div>\n<\/div>\n\n<div class=\"jet-slider__item sp-slide\"><img class=\"sp-image\" src=\"https:\/\/www.identisens.fr\/wp-content\/uploads\/2019\/07\/abstract-autumn-autumn-colours-688830-1024x683.jpg\" alt=\"abstract-autumn-autumn-colours-688830\"><div class=\"jet-slider__content sp-layer\" data-position=\"centerCenter\" data-width=\"100%\" data-height=\"100%\" data-horizontal=\"0%\" data-show-transition=\"up\" data-show-duration=\"400\" data-show-delay=\"400\">\n\t\t<div class=\"jet-slider__content-item\">\n\t\t\t<div class=\"jet-slider__content-inner\"><h5 class=\"jet-slider__title\">\u00ab\u00a0Je voulais encore vous remercier de m\u2019avoir accompagn\u00e9e pendant cette p\u00e9riode si particuli\u00e8re. Je suis contente d\u2019avoir fait ce bilan avec vous. Vous m\u2019avez permis d\u2019aborder les choses plus sereinement.\u00a0\u00bb<\/h5><h5 class=\"jet-slider__subtitle\">Marie-Anne<\/h5><div class=\"jet-slider__desc\">Documentaliste<\/div>\n\t\t\t\t\t\t<div class=\"jet-slider__button-wrapper\">\t\t\t\t\t\t<\/div><\/div>\n\t\t<\/div>\n\t<\/div>\n<\/div>\n\n<div class=\"jet-slider__item sp-slide\"><img class=\"sp-image\" src=\"https:\/\/www.identisens.fr\/wp-content\/uploads\/2019\/07\/abstract-autumn-autumn-colours-688830-1024x683.jpg\" alt=\"abstract-autumn-autumn-colours-688830\"><div class=\"jet-slider__content sp-layer\" data-position=\"centerCenter\" data-width=\"100%\" data-height=\"100%\" data-horizontal=\"0%\" data-show-transition=\"up\" data-show-duration=\"400\" data-show-delay=\"400\">\n\t\t<div class=\"jet-slider__content-item\">\n\t\t\t<div class=\"jet-slider__content-inner\"><h5 class=\"jet-slider__title\">\u00ab\u00a0Ce coaching m\u2019a permis de travailler sur mon c\u00f4t\u00e9 \u00ab\u00a0angoiss\u00e9\u00a0\u00bb qui me posait quelques difficult\u00e9s dans mon m\u00e9tier de responsable commerciale. J\u2019ai appris \u00e0 ne plus \u00eatre syst\u00e9matiquement dans le contr\u00f4le et \u00e0 prendre de la hauteur.  J\u2019ai compris l\u2019int\u00e9r\u00eat du l\u00e2cher-prise, ce qui m\u2019a permis d\u2019appr\u00e9hender les \u00e9v\u00e9nements de mani\u00e8re plus positive et avec confiance. Je sais d\u00e9sormais mieux communiquer avec mon entourage professionnel et les relations sont apais\u00e9es.\u00a0\u00bb<\/h5><h5 class=\"jet-slider__subtitle\">Maryam<\/h5><div class=\"jet-slider__desc\">Responsable commerciale<\/div>\n\t\t\t\t\t\t<div class=\"jet-slider__button-wrapper\">\t\t\t\t\t\t<\/div><\/div>\n\t\t<\/div>\n\t<\/div>\n<\/div>\n\n<div class=\"jet-slider__item sp-slide\"><img class=\"sp-image\" src=\"https:\/\/www.identisens.fr\/wp-content\/uploads\/2019\/07\/abstract-autumn-autumn-colours-688830-1024x683.jpg\" alt=\"abstract-autumn-autumn-colours-688830\"><div class=\"jet-slider__content sp-layer\" data-position=\"centerCenter\" data-width=\"100%\" data-height=\"100%\" data-horizontal=\"0%\" data-show-transition=\"up\" data-show-duration=\"400\" data-show-delay=\"400\">\n\t\t<div class=\"jet-slider__content-item\">\n\t\t\t<div class=\"jet-slider__content-inner\"><h5 class=\"jet-slider__title\">\u00ab J\u2019ai repris confiance en moi pour avancer dans mon projet professionnel. J\u2019ai notamment travaill\u00e9 sur mes croyances limitantes. Aujourd\u2019hui, mon projet est bien enclench\u00e9 gr\u00e2ce \u00e0 ce travail de remotivation. Isabelle a su, par son \u00e9coute bienveillante et l\u2019utilisation d\u2019outils cibl\u00e9s, me faire avancer et m\u2019aider \u00e0 combattre ma tendance \u00e0 la procrastination. Je la remercie de tout c\u0153ur pour sa patience et sa compr\u00e9hension de mes enjeux. \u00bb<\/h5><h5 class=\"jet-slider__subtitle\">Valentine<\/h5><div class=\"jet-slider__desc\">Responsable Ressources Humaines<\/div>\n\t\t\t\t\t\t<div class=\"jet-slider__button-wrapper\">\t\t\t\t\t\t<\/div><\/div>\n\t\t<\/div>\n\t<\/div>\n<\/div>\n\n<div class=\"jet-slider__item sp-slide\"><img class=\"sp-image\" src=\"https:\/\/www.identisens.fr\/wp-content\/uploads\/2019\/07\/abstract-autumn-autumn-colours-688830-1024x683.jpg\" alt=\"abstract-autumn-autumn-colours-688830\"><div class=\"jet-slider__content sp-layer\" data-position=\"centerCenter\" data-width=\"100%\" data-height=\"100%\" data-horizontal=\"0%\" data-show-transition=\"up\" data-show-duration=\"400\" data-show-delay=\"400\">\n\t\t<div class=\"jet-slider__content-item\">\n\t\t\t<div class=\"jet-slider__content-inner\"><h5 class=\"jet-slider__title\">\u00ab\u00a0Ce coaching m\u2019a incit\u00e9e \u00e0 sortir de ma zone de confort. Cela m\u2019a amen\u00e9e \u00e0 \u00ab\u00a0me bouger\u00a0\u00bb et \u00e0 op\u00e9rer plusieurs changements, tant dans ma vie professionnelle que personnelle. Des changements qui m\u2019ont beaucoup enrichie. J\u2019ai aussi pris conscience que mon champ de d\u00e9cision \u00e9tait bien plus vaste que je ne l\u2019imaginais et que quand on le veut vraiment, on trouve des solutions.\u00a0\u00bb<\/h5><h5 class=\"jet-slider__subtitle\">Fr\u00e9d\u00e9rique<\/h5><div class=\"jet-slider__desc\">Psychologue<\/div>\n\t\t\t\t\t\t<div class=\"jet-slider__button-wrapper\">\t\t\t\t\t\t<\/div><\/div>\n\t\t<\/div>\n\t<\/div>\n<\/div>\n\n<div class=\"jet-slider__item sp-slide\"><img class=\"sp-image\" src=\"https:\/\/www.identisens.fr\/wp-content\/uploads\/2019\/07\/abstract-autumn-autumn-colours-688830-1024x683.jpg\" alt=\"abstract-autumn-autumn-colours-688830\"><div class=\"jet-slider__content sp-layer\" data-position=\"centerCenter\" data-width=\"100%\" data-height=\"100%\" data-horizontal=\"0%\" data-show-transition=\"up\" data-show-duration=\"400\" data-show-delay=\"400\">\n\t\t<div class=\"jet-slider__content-item\">\n\t\t\t<div class=\"jet-slider__content-inner\"><h5 class=\"jet-slider__title\">\u00ab\u00a0Votre professionnalisme en tant que coach et votre connaissance du monde de l\u2019entreprise m\u2019ont permis d\u2019aborder avec confiance mon parcours de recherche d\u2019emploi. Je vous remercie pour cela.\u00a0\u00bb<\/h5><h5 class=\"jet-slider__subtitle\">Fr\u00e9d\u00e9ric<\/h5><div class=\"jet-slider__desc\">Responsable informatique<\/div>\n\t\t\t\t\t\t<div class=\"jet-slider__button-wrapper\">\t\t\t\t\t\t<\/div><\/div>\n\t\t<\/div>\n\t<\/div>\n<\/div>\n\n<div class=\"jet-slider__item sp-slide\"><img class=\"sp-image\" src=\"https:\/\/www.identisens.fr\/wp-content\/uploads\/2019\/07\/abstract-autumn-autumn-colours-688830-1024x683.jpg\" alt=\"abstract-autumn-autumn-colours-688830\"><div class=\"jet-slider__content sp-layer\" data-position=\"centerCenter\" data-width=\"100%\" data-height=\"100%\" data-horizontal=\"0%\" data-show-transition=\"up\" data-show-duration=\"400\" data-show-delay=\"400\">\n\t\t<div class=\"jet-slider__content-item\">\n\t\t\t<div class=\"jet-slider__content-inner\"><h5 class=\"jet-slider__title\">\u00ab\u00a0J\u2019ai \u00e9t\u00e9 ravie de votre accompagnement tr\u00e8s professionnel.  Vous m\u2019avez aid\u00e9e \u00e0 tracer mon propre chemin et je vous en remercie.\u00a0\u00bb<\/h5><h5 class=\"jet-slider__subtitle\">Am\u00e9lie<\/h5><div class=\"jet-slider__desc\">Styliste<\/div>\n\t\t\t\t\t\t<div class=\"jet-slider__button-wrapper\">\t\t\t\t\t\t<\/div><\/div>\n\t\t<\/div>\n\t<\/div>\n<\/div>\n\n<div class=\"jet-slider__item sp-slide\"><img class=\"sp-image\" src=\"https:\/\/www.identisens.fr\/wp-content\/uploads\/2019\/07\/abstract-autumn-autumn-colours-688830-1024x683.jpg\" alt=\"abstract-autumn-autumn-colours-688830\"><div class=\"jet-slider__content sp-layer\" data-position=\"centerCenter\" data-width=\"100%\" data-height=\"100%\" data-horizontal=\"0%\" data-show-transition=\"up\" data-show-duration=\"400\" data-show-delay=\"400\">\n\t\t<div class=\"jet-slider__content-item\">\n\t\t\t<div class=\"jet-slider__content-inner\"><h5 class=\"jet-slider__title\">\"Le coaching d\u2019Isabelle fut une superbe exp\u00e9rience humaine enrichissante et gratifiante. Gr\u00e2ce \u00e0 ce coaching, j\u2019ai pu surmonter des blocages personnels et prendre ainsi conscience de mes propres valeurs, qualit\u00e9s et forces. Je me sens transform\u00e9e et plus en harmonie avec moi-m\u00eame. Je remercie sinc\u00e8rement et recommande chaleureusement Isabelle, elle nous aide \u00e0 trouver par nous-m\u00eames les cl\u00e9s du bonheur tout en douceur, bienveillance et professionnalisme.\"<\/h5><h5 class=\"jet-slider__subtitle\">Rosana<\/h5><div class=\"jet-slider__desc\">Assistante de direction<\/div>\n\t\t\t\t\t\t<div class=\"jet-slider__button-wrapper\">\t\t\t\t\t\t<\/div><\/div>\n\t\t<\/div>\n\t<\/div>\n<\/div>\n\n<\/div>\n<\/div>\n<\/div>\n<\/div>\t\t<\/div>\n\t\t\t\t<\/div>\n\t\t\t\t<div class=\"elementor-element elementor-element-a374a99 elementor-widget elementor-widget-spacer\" data-id=\"a374a99\" data-element_type=\"widget\" data-widget_type=\"spacer.default\">\n\t\t\t\t<div class=\"elementor-widget-container\">\n\t\t\t\t\t<div class=\"elementor-spacer\">\n\t\t\t<div class=\"elementor-spacer-inner\"><\/div>\n\t\t<\/div>\n\t\t\t\t<\/div>\n\t\t\t\t<\/div>\n\t\t\t\t\t\t<\/div>\n\t\t\t<\/div>\n\t\t<\/div>\n\t\t\t\t\t\t<\/div>\n\t\t\t<\/div>\n\t\t<\/section>\n\t\t\t\t\t\t<\/div>\n\t\t\t<\/div>\n\t\t<\/div>\n\t\t","protected":false},"excerpt":{"rendered":"<p>T\u00e9moignages \u00ab\u00a0Par son approche \u00e0 la fois tr\u00e8s professionnelle et bienveillante, Isabelle m\u2019a permis d\u2019exprimer mes forces, de reprendre confiance en moi et de retrouver le chemin de l\u2019action\u00a0\u00bb Lisbeth Directrice de la communication \u00ab\u00a0Ce travail de coaching m\u2019a permis de mieux me conna\u00eetre et de red\u00e9couvrir mes comp\u00e9tences, mes capacit\u00e9s. J\u2019ai repris confiance en [&hellip;]<\/p>\n","protected":false},"author":1,"featured_media":0,"parent":0,"menu_order":0,"comment_status":"closed","ping_status":"closed","template":"full-width.php","meta":{"_mo_disable_npp":""},"_links":{"self":[{"href":"https:\/\/www.identisens.fr\/index.php\/wp-json\/wp\/v2\/pages\/1372"}],"collection":[{"href":"https:\/\/www.identisens.fr\/index.php\/wp-json\/wp\/v2\/pages"}],"about":[{"href":"https:\/\/www.identisens.fr\/index.php\/wp-json\/wp\/v2\/types\/page"}],"author":[{"embeddable":true,"href":"https:\/\/www.identisens.fr\/index.php\/wp-json\/wp\/v2\/users\/1"}],"replies":[{"embeddable":true,"href":"https:\/\/www.identisens.fr\/index.php\/wp-json\/wp\/v2\/comments?post=1372"}],"version-history":[{"count":26,"href":"https:\/\/www.identisens.fr\/index.php\/wp-json\/wp\/v2\/pages\/1372\/revisions"}],"predecessor-version":[{"id":1406,"href":"https:\/\/www.identisens.fr\/index.php\/wp-json\/wp\/v2\/pages\/1372\/revisions\/1406"}],"wp:attachment":[{"href":"https:\/\/www.identisens.fr\/index.php\/wp-json\/wp\/v2\/media?parent=1372"}],"curies":[{"name":"wp","href":"https:\/\/api.w.org\/{rel}","templated":true}]}}