{"id":151,"date":"2018-11-18T17:10:54","date_gmt":"2018-11-18T17:10:54","guid":{"rendered":"https:\/\/demos.artbees.net\/jupiterx\/sinope\/?page_id=151"},"modified":"2020-07-06T10:58:25","modified_gmt":"2020-07-06T08:58:25","slug":"prestations","status":"publish","type":"page","link":"https:\/\/www.identisens.fr\/index.php\/prestations\/","title":{"rendered":"Prestations"},"content":{"rendered":"\t\t<div data-elementor-type=\"wp-post\" data-elementor-id=\"151\" class=\"elementor elementor-151\" data-elementor-settings=\"[]\">\n\t\t\t<div class=\"elementor-inner\">\n\t\t\t\t<div class=\"elementor-section-wrap\">\n\t\t\t\t\t\t\t<section class=\"elementor-element elementor-element-c932cf2 elementor-section-height-full elementor-section-full_width elementor-section-height-default elementor-section-items-middle elementor-section elementor-top-section\" data-id=\"c932cf2\" data-element_type=\"section\" data-settings=\"{&quot;background_background&quot;:&quot;classic&quot;}\">\n\t\t\t\t\t\t\t<div class=\"elementor-background-overlay\"><\/div>\n\t\t\t\t\t\t\t<div class=\"elementor-container elementor-column-gap-default\">\n\t\t\t\t<div class=\"elementor-row\">\n\t\t\t\t<div class=\"elementor-element elementor-element-7e3f183 elementor-column elementor-col-100 elementor-top-column\" data-id=\"7e3f183\" data-element_type=\"column\">\n\t\t\t<div class=\"elementor-column-wrap  elementor-element-populated\">\n\t\t\t\t\t<div class=\"elementor-widget-wrap\">\n\t\t\t\t<section class=\"elementor-element elementor-element-11ab235 elementor-section-boxed elementor-section-height-default elementor-section-height-default elementor-section elementor-inner-section\" data-id=\"11ab235\" data-element_type=\"section\">\n\t\t\t\t\t\t<div class=\"elementor-container elementor-column-gap-default\">\n\t\t\t\t<div class=\"elementor-row\">\n\t\t\t\t<div class=\"elementor-element elementor-element-9649c3f elementor-column elementor-col-16 elementor-inner-column\" data-id=\"9649c3f\" data-element_type=\"column\">\n\t\t\t<div class=\"elementor-column-wrap\">\n\t\t\t\t\t<div class=\"elementor-widget-wrap\">\n\t\t\t\t\t\t<\/div>\n\t\t\t<\/div>\n\t\t<\/div>\n\t\t\t\t<div class=\"elementor-element elementor-element-419ed67 elementor-column elementor-col-66 elementor-inner-column\" data-id=\"419ed67\" data-element_type=\"column\">\n\t\t\t<div class=\"elementor-column-wrap  elementor-element-populated\">\n\t\t\t\t\t<div class=\"elementor-widget-wrap\">\n\t\t\t\t<div class=\"elementor-element elementor-element-7934389 elementor-widget elementor-widget-spacer\" data-id=\"7934389\" data-element_type=\"widget\" data-widget_type=\"spacer.default\">\n\t\t\t\t<div class=\"elementor-widget-container\">\n\t\t\t\t\t<div class=\"elementor-spacer\">\n\t\t\t<div class=\"elementor-spacer-inner\"><\/div>\n\t\t<\/div>\n\t\t\t\t<\/div>\n\t\t\t\t<\/div>\n\t\t\t\t<div class=\"elementor-element elementor-element-f6145ff elementor-align-center elementor-mobile-align-center elementor-widget elementor-widget-raven-heading\" data-id=\"f6145ff\" data-element_type=\"widget\" data-widget_type=\"raven-heading.default\">\n\t\t\t\t<div class=\"elementor-widget-container\">\n\t\t\t\t\t<div class=\"raven-widget-wrapper\"><h2 class=\"raven-heading raven-heading-h2\"><span class=\"raven-heading-title\">Vous accompagner dans la d\u00e9finition et l\u2019atteinte \n<br>de votre objectif\u00a0<\/span><\/h2><\/div>\r\n\t\t\t\t<\/div>\n\t\t\t\t<\/div>\n\t\t\t\t<div class=\"elementor-element elementor-element-e77e7cd elementor-widget elementor-widget-divider\" data-id=\"e77e7cd\" data-element_type=\"widget\" data-widget_type=\"divider.default\">\n\t\t\t\t<div class=\"elementor-widget-container\">\n\t\t\t\t\t<div class=\"elementor-divider\">\n\t\t\t<span class=\"elementor-divider-separator\">\n\t\t\t\t\t\t<\/span>\n\t\t<\/div>\n\t\t\t\t<\/div>\n\t\t\t\t<\/div>\n\t\t\t\t\t\t<\/div>\n\t\t\t<\/div>\n\t\t<\/div>\n\t\t\t\t<div class=\"elementor-element elementor-element-dff8b71 elementor-column elementor-col-16 elementor-inner-column\" data-id=\"dff8b71\" data-element_type=\"column\">\n\t\t\t<div class=\"elementor-column-wrap\">\n\t\t\t\t\t<div class=\"elementor-widget-wrap\">\n\t\t\t\t\t\t<\/div>\n\t\t\t<\/div>\n\t\t<\/div>\n\t\t\t\t\t\t<\/div>\n\t\t\t<\/div>\n\t\t<\/section>\n\t\t\t\t<section class=\"elementor-element elementor-element-964a9eb elementor-section-boxed elementor-section-height-default elementor-section-height-default elementor-section elementor-inner-section\" data-id=\"964a9eb\" data-element_type=\"section\">\n\t\t\t\t\t\t<div class=\"elementor-container elementor-column-gap-default\">\n\t\t\t\t<div class=\"elementor-row\">\n\t\t\t\t<div class=\"elementor-element elementor-element-61ca39c elementor-column elementor-col-25 elementor-inner-column\" data-id=\"61ca39c\" data-element_type=\"column\">\n\t\t\t<div class=\"elementor-column-wrap\">\n\t\t\t\t\t<div class=\"elementor-widget-wrap\">\n\t\t\t\t\t\t<\/div>\n\t\t\t<\/div>\n\t\t<\/div>\n\t\t\t\t<div class=\"elementor-element elementor-element-07c7e79 elementor-column elementor-col-25 elementor-inner-column\" data-id=\"07c7e79\" data-element_type=\"column\">\n\t\t\t<div class=\"elementor-column-wrap  elementor-element-populated\">\n\t\t\t\t\t<div class=\"elementor-widget-wrap\">\n\t\t\t\t<div class=\"elementor-element elementor-element-48115c6 elementor-widget elementor-widget-heading\" data-id=\"48115c6\" data-element_type=\"widget\" data-widget_type=\"heading.default\">\n\t\t\t\t<div class=\"elementor-widget-container\">\n\t\t\t<h2 class=\"elementor-heading-title elementor-size-default\">La d\u00e9marche d\u2019Identi'Sens est <b>un accompagnement sur-mesure<\/b>. Elle s\u2019exerce dans un cadre de confidentialit\u00e9, d\u2019authenticit\u00e9 et de confiance et s\u2019inscrit dans le respect du Code de d\u00e9ontologie de <a href=\"https:\/\/www.emccfrance.org\/deontologie-coach-mentors\" title=\"DevStarter\" target=\"_blank\"><u>l\u2019EMCC France<\/u><\/a>.<\/h2>\t\t<\/div>\n\t\t\t\t<\/div>\n\t\t\t\t\t\t<\/div>\n\t\t\t<\/div>\n\t\t<\/div>\n\t\t\t\t<div class=\"elementor-element elementor-element-234450a elementor-column elementor-col-25 elementor-inner-column\" data-id=\"234450a\" data-element_type=\"column\">\n\t\t\t<div class=\"elementor-column-wrap  elementor-element-populated\">\n\t\t\t\t\t<div class=\"elementor-widget-wrap\">\n\t\t\t\t<div class=\"elementor-element elementor-element-b72d5dd elementor-widget elementor-widget-image\" data-id=\"b72d5dd\" data-element_type=\"widget\" data-widget_type=\"image.default\">\n\t\t\t\t<div class=\"elementor-widget-container\">\n\t\t\t\t\t<div class=\"elementor-image\">\n\t\t\t\t\t\t\t\t\t\t\t<a data-elementor-open-lightbox=\"\" href=\"httpss:\/\/www.emccfrance.org\/wp-content\/uploads\/20170418_FR_WEB_livret.pdf\">\n\t\t\t\t\t\t\t<img src=\"https:\/\/www.identisens.fr\/wp-content\/uploads\/elementor\/thumbs\/Logo-EMCC-France-RC\u00a6\u00baseaux-V6-4-o87ewm4u6acxnfaeuddjbwe7jfi645ntlxqlgbcfna.jpg\" title=\"Logo-EMCC-France-RC\u00a6\u00baseaux-V6-4\" alt=\"Logo-EMCC-France-RC\u00a6\u00baseaux-V6-4\" \/>\t\t\t\t\t\t\t\t<\/a>\n\t\t\t\t\t\t\t\t\t\t\t<\/div>\n\t\t\t\t<\/div>\n\t\t\t\t<\/div>\n\t\t\t\t\t\t<\/div>\n\t\t\t<\/div>\n\t\t<\/div>\n\t\t\t\t<div class=\"elementor-element elementor-element-cf136c4 elementor-column elementor-col-25 elementor-inner-column\" data-id=\"cf136c4\" data-element_type=\"column\">\n\t\t\t<div class=\"elementor-column-wrap\">\n\t\t\t\t\t<div class=\"elementor-widget-wrap\">\n\t\t\t\t\t\t<\/div>\n\t\t\t<\/div>\n\t\t<\/div>\n\t\t\t\t\t\t<\/div>\n\t\t\t<\/div>\n\t\t<\/section>\n\t\t\t\t\t\t<\/div>\n\t\t\t<\/div>\n\t\t<\/div>\n\t\t\t\t\t\t<\/div>\n\t\t\t<\/div>\n\t\t<\/section>\n\t\t\t\t<section class=\"elementor-element elementor-element-39ffbc5 elementor-section-full_width elementor-section-height-default elementor-section-height-default elementor-section elementor-top-section\" data-id=\"39ffbc5\" data-element_type=\"section\">\n\t\t\t\t\t\t<div class=\"elementor-container elementor-column-gap-default\">\n\t\t\t\t<div class=\"elementor-row\">\n\t\t\t\t<div class=\"elementor-element elementor-element-c06a12b elementor-column elementor-col-100 elementor-top-column\" data-id=\"c06a12b\" data-element_type=\"column\">\n\t\t\t<div class=\"elementor-column-wrap  elementor-element-populated\">\n\t\t\t\t\t<div class=\"elementor-widget-wrap\">\n\t\t\t\t<div class=\"elementor-element elementor-element-f4001af elementor-widget elementor-widget-spacer\" data-id=\"f4001af\" data-element_type=\"widget\" data-widget_type=\"spacer.default\">\n\t\t\t\t<div class=\"elementor-widget-container\">\n\t\t\t\t\t<div class=\"elementor-spacer\">\n\t\t\t<div class=\"elementor-spacer-inner\"><\/div>\n\t\t<\/div>\n\t\t\t\t<\/div>\n\t\t\t\t<\/div>\n\t\t\t\t<div class=\"elementor-element elementor-element-8866ae5 elementor-align-center elementor-widget elementor-widget-raven-heading\" data-id=\"8866ae5\" data-element_type=\"widget\" data-widget_type=\"raven-heading.default\">\n\t\t\t\t<div class=\"elementor-widget-container\">\n\t\t\t\t\t<div class=\"raven-widget-wrapper\"><h2 class=\"raven-heading raven-heading-h2\"><span class=\"raven-heading-title\">Actifs<\/span><\/h2><\/div>\r\n\t\t\t\t<\/div>\n\t\t\t\t<\/div>\n\t\t\t\t<div class=\"elementor-element elementor-element-cf0477b elementor-widget elementor-widget-divider\" data-id=\"cf0477b\" data-element_type=\"widget\" data-widget_type=\"divider.default\">\n\t\t\t\t<div class=\"elementor-widget-container\">\n\t\t\t\t\t<div class=\"elementor-divider\">\n\t\t\t<span class=\"elementor-divider-separator\">\n\t\t\t\t\t\t<\/span>\n\t\t<\/div>\n\t\t\t\t<\/div>\n\t\t\t\t<\/div>\n\t\t\t\t\t\t<\/div>\n\t\t\t<\/div>\n\t\t<\/div>\n\t\t\t\t\t\t<\/div>\n\t\t\t<\/div>\n\t\t<\/section>\n\t\t\t\t<section class=\"elementor-element elementor-element-a3e64a1 elementor-section-full_width elementor-section-height-default elementor-section-height-default elementor-section elementor-top-section\" data-id=\"a3e64a1\" data-element_type=\"section\">\n\t\t\t\t\t\t<div class=\"elementor-container elementor-column-gap-wider\">\n\t\t\t\t<div class=\"elementor-row\">\n\t\t\t\t<div class=\"elementor-element elementor-element-28ce966 elementor-column elementor-col-20 elementor-top-column\" data-id=\"28ce966\" data-element_type=\"column\">\n\t\t\t<div class=\"elementor-column-wrap\">\n\t\t\t\t\t<div class=\"elementor-widget-wrap\">\n\t\t\t\t\t\t<\/div>\n\t\t\t<\/div>\n\t\t<\/div>\n\t\t\t\t<div class=\"elementor-element elementor-element-c30c6f6 elementor-column elementor-col-20 elementor-top-column\" data-id=\"c30c6f6\" data-element_type=\"column\">\n\t\t\t<div class=\"elementor-column-wrap  elementor-element-populated\">\n\t\t\t\t\t<div class=\"elementor-widget-wrap\">\n\t\t\t\t<div class=\"elementor-element elementor-element-e25b329 elementor-align-center elementor-widget elementor-widget-raven-heading\" data-id=\"e25b329\" data-element_type=\"widget\" data-widget_type=\"raven-heading.default\">\n\t\t\t\t<div class=\"elementor-widget-container\">\n\t\t\t\t\t<div class=\"raven-widget-wrapper\"><h2 class=\"raven-heading raven-heading-h2\"><span class=\"raven-heading-title\">en \ntransition<\/span><\/h2><\/div>\r\n\t\t\t\t<\/div>\n\t\t\t\t<\/div>\n\t\t\t\t<div class=\"elementor-element elementor-element-1bc4008 elementor-widget elementor-widget-image\" data-id=\"1bc4008\" data-element_type=\"widget\" data-widget_type=\"image.default\">\n\t\t\t\t<div class=\"elementor-widget-container\">\n\t\t\t\t\t<div class=\"elementor-image\">\n\t\t\t\t\t\t\t\t\t\t<img src=\"https:\/\/www.identisens.fr\/wp-content\/uploads\/elementor\/thumbs\/007-leaf-5-1-oa95oenfdusays3u6ow2ezv0iqqe8sdrt0nsr831ts.png\" title=\"007-leaf-5\" alt=\"007-leaf-5\" \/>\t\t\t\t\t\t\t\t\t\t\t<\/div>\n\t\t\t\t<\/div>\n\t\t\t\t<\/div>\n\t\t\t\t<div class=\"elementor-element elementor-element-13de3d2 elementor-widget elementor-widget-text-editor\" data-id=\"13de3d2\" data-element_type=\"widget\" data-widget_type=\"text-editor.default\">\n\t\t\t\t<div class=\"elementor-widget-container\">\n\t\t\t\t\t<div class=\"elementor-text-editor elementor-clearfix\"><p>Vous avez l\u2019impression d\u2019\u00eatre \u00ab d\u00e9connect\u00e9(e) \u00bb du march\u00e9 du travail ; Vous traversez une phase difficile (licenciement\u2026) et souhaitez retrouver \u00e9nergie et motivation ; Vous avez du mal \u00e0 d\u00e9finir vos priorit\u00e9s, \u00e0 optimiser votre organisation ; Vous aspirez \u00e0 retrouver un \u00e9quilibre entre vie professionnelle et vie personnelle\u2026<\/p><p>Au travers d\u2019une m\u00e9thodologie adapt\u00e9e, en explorant l\u2019ensemble de vos r\u00e9alisations, en prenant conscience de vos r\u00e9ussites et des choix que vous avez fait tout au long de votre parcours, vous comprendrez qu\u2019il ne tient qu\u2019\u00e0 vous d\u2019en faire de nouveaux pour\u00a0<\/p><\/div>\n\t\t\t\t<\/div>\n\t\t\t\t<\/div>\n\t\t\t\t<div class=\"elementor-element elementor-element-7705716 elementor-widget elementor-widget-heading\" data-id=\"7705716\" data-element_type=\"widget\" data-widget_type=\"heading.default\">\n\t\t\t\t<div class=\"elementor-widget-container\">\n\t\t\t<h2 class=\"elementor-heading-title elementor-size-default\">Dessiner votre futur projet, en phase avec la personne que vous \u00eates.<\/h2>\t\t<\/div>\n\t\t\t\t<\/div>\n\t\t\t\t\t\t<\/div>\n\t\t\t<\/div>\n\t\t<\/div>\n\t\t\t\t<div class=\"elementor-element elementor-element-2f8b410 elementor-column elementor-col-20 elementor-top-column\" data-id=\"2f8b410\" data-element_type=\"column\">\n\t\t\t<div class=\"elementor-column-wrap  elementor-element-populated\">\n\t\t\t\t\t<div class=\"elementor-widget-wrap\">\n\t\t\t\t<div class=\"elementor-element elementor-element-7dfe2f7 elementor-align-center elementor-widget elementor-widget-raven-heading\" data-id=\"7dfe2f7\" data-element_type=\"widget\" data-widget_type=\"raven-heading.default\">\n\t\t\t\t<div class=\"elementor-widget-container\">\n\t\t\t\t\t<div class=\"raven-widget-wrapper\"><h2 class=\"raven-heading raven-heading-h2\"><span class=\"raven-heading-title\">en entreprise<\/span><\/h2><\/div>\r\n\t\t\t\t<\/div>\n\t\t\t\t<\/div>\n\t\t\t\t<div class=\"elementor-element elementor-element-81385b1 elementor-widget elementor-widget-image\" data-id=\"81385b1\" data-element_type=\"widget\" data-widget_type=\"image.default\">\n\t\t\t\t<div class=\"elementor-widget-container\">\n\t\t\t\t\t<div class=\"elementor-image\">\n\t\t\t\t\t\t\t\t\t\t<img src=\"https:\/\/www.identisens.fr\/wp-content\/uploads\/elementor\/thumbs\/Leaf_2-1-oa95pnrohwi2g2aav8e5qoh518k0i9cvz7z3si85j4.png\" title=\"Leaf_2\" alt=\"Leaf_2\" \/>\t\t\t\t\t\t\t\t\t\t\t<\/div>\n\t\t\t\t<\/div>\n\t\t\t\t<\/div>\n\t\t\t\t<div class=\"elementor-element elementor-element-dc8bb11 elementor-widget elementor-widget-text-editor\" data-id=\"dc8bb11\" data-element_type=\"widget\" data-widget_type=\"text-editor.default\">\n\t\t\t\t<div class=\"elementor-widget-container\">\n\t\t\t\t\t<div class=\"elementor-text-editor elementor-clearfix\"><p>Vous vous interrogez sur la meilleure fa\u00e7on de r\u00e9ussir dans votre nouvelle fonction ; Vous aspirez \u00e0 mieux \u00ab g\u00e9rer \u00bb vos \u00e9motions, \u00e0 apprivoiser votre stress ; Vous aimeriez vous affirmer dans vos relations avec vos coll\u00e8gues ; Vous avez le sentiment que regagner de la confiance vous permettrait d\u2019exprimer pleinement vos talents\u2026<\/p><p>L\u2019accompagnement que je vous propose vous permettra de prendre le recul n\u00e9cessaire \u2013 sur vous et sur les situations que vous vivez \u2013 afin d\u2019appr\u00e9hender les ressources qui sont les v\u00f4tres et d\u2019identifier les cl\u00e9s pour\u00a0<\/p><\/div>\n\t\t\t\t<\/div>\n\t\t\t\t<\/div>\n\t\t\t\t<div class=\"elementor-element elementor-element-ec0b9f1 elementor-widget elementor-widget-heading\" data-id=\"ec0b9f1\" data-element_type=\"widget\" data-widget_type=\"heading.default\">\n\t\t\t\t<div class=\"elementor-widget-container\">\n\t\t\t<h2 class=\"elementor-heading-title elementor-size-default\">Impulser une nouvelle dynamique \u00e0 votre vie professionnelle.\n<\/h2>\t\t<\/div>\n\t\t\t\t<\/div>\n\t\t\t\t\t\t<\/div>\n\t\t\t<\/div>\n\t\t<\/div>\n\t\t\t\t<div class=\"elementor-element elementor-element-72990aa elementor-column elementor-col-20 elementor-top-column\" data-id=\"72990aa\" data-element_type=\"column\">\n\t\t\t<div class=\"elementor-column-wrap  elementor-element-populated\">\n\t\t\t\t\t<div class=\"elementor-widget-wrap\">\n\t\t\t\t<div class=\"elementor-element elementor-element-d939c82 elementor-align-center elementor-widget elementor-widget-raven-heading\" data-id=\"d939c82\" data-element_type=\"widget\" data-widget_type=\"raven-heading.default\">\n\t\t\t\t<div class=\"elementor-widget-container\">\n\t\t\t\t\t<div class=\"raven-widget-wrapper\"><h2 class=\"raven-heading raven-heading-h2\"><span class=\"raven-heading-title\">au seuil \nde la retraite<\/span><\/h2><\/div>\r\n\t\t\t\t<\/div>\n\t\t\t\t<\/div>\n\t\t\t\t<div class=\"elementor-element elementor-element-0a30668 elementor-widget elementor-widget-image\" data-id=\"0a30668\" data-element_type=\"widget\" data-widget_type=\"image.default\">\n\t\t\t\t<div class=\"elementor-widget-container\">\n\t\t\t\t\t<div class=\"elementor-image\">\n\t\t\t\t\t\t\t\t\t\t<img src=\"https:\/\/www.identisens.fr\/wp-content\/uploads\/elementor\/thumbs\/Leaf_3-1-oa95ppncvkkn3a7kk97evo0280aqxnkcnha2r25d6o.png\" title=\"Leaf_3\" alt=\"Leaf_3\" \/>\t\t\t\t\t\t\t\t\t\t\t<\/div>\n\t\t\t\t<\/div>\n\t\t\t\t<\/div>\n\t\t\t\t<div class=\"elementor-element elementor-element-8741226 elementor-widget elementor-widget-text-editor\" data-id=\"8741226\" data-element_type=\"widget\" data-widget_type=\"text-editor.default\">\n\t\t\t\t<div class=\"elementor-widget-container\">\n\t\t\t\t\t<div class=\"elementor-text-editor elementor-clearfix\"><p>Vous appr\u00e9hendez le changement de rythme auquel vous allez \u00eatre confront\u00e9(e) ; Vous avez le sentiment que vous perdrez votre identit\u00e9 avec votre \u00ab statut social \u00bb ; Vous aimeriez aborder cette transition dans un esprit positif de renouveau\u2026<\/p><p>Gr\u00e2ce au coaching, vous comprendrez qu\u2019un autre rythme est possible et que c\u2019est vous qui allez le piloter ! Vous prendrez conscience de ce qui fait sens pour vous et de l\u2019\u00e9tendue des talents que vous pouvez mettre au service de la soci\u00e9t\u00e9. Vous serez alors en capacit\u00e9 de <\/p><\/div>\n\t\t\t\t<\/div>\n\t\t\t\t<\/div>\n\t\t\t\t<div class=\"elementor-element elementor-element-4e5e054 elementor-widget elementor-widget-heading\" data-id=\"4e5e054\" data-element_type=\"widget\" data-widget_type=\"heading.default\">\n\t\t\t\t<div class=\"elementor-widget-container\">\n\t\t\t<h2 class=\"elementor-heading-title elementor-size-default\">B\u00e2tir sereinement votre projet pour cette nouvelle phase de vie. <\/h2>\t\t<\/div>\n\t\t\t\t<\/div>\n\t\t\t\t\t\t<\/div>\n\t\t\t<\/div>\n\t\t<\/div>\n\t\t\t\t<div class=\"elementor-element elementor-element-5c9c8b8 elementor-column elementor-col-20 elementor-top-column\" data-id=\"5c9c8b8\" data-element_type=\"column\">\n\t\t\t<div class=\"elementor-column-wrap\">\n\t\t\t\t\t<div class=\"elementor-widget-wrap\">\n\t\t\t\t\t\t<\/div>\n\t\t\t<\/div>\n\t\t<\/div>\n\t\t\t\t\t\t<\/div>\n\t\t\t<\/div>\n\t\t<\/section>\n\t\t\t\t<section class=\"elementor-element elementor-element-6fbcca0 elementor-section-full_width elementor-section-height-default elementor-section-height-default elementor-section elementor-top-section\" data-id=\"6fbcca0\" data-element_type=\"section\">\n\t\t\t\t\t\t<div class=\"elementor-container elementor-column-gap-default\">\n\t\t\t\t<div class=\"elementor-row\">\n\t\t\t\t<div class=\"elementor-element elementor-element-88acf89 elementor-column elementor-col-100 elementor-top-column\" data-id=\"88acf89\" data-element_type=\"column\">\n\t\t\t<div class=\"elementor-column-wrap  elementor-element-populated\">\n\t\t\t\t\t<div class=\"elementor-widget-wrap\">\n\t\t\t\t<div class=\"elementor-element elementor-element-54bf4cf elementor-widget elementor-widget-spacer\" data-id=\"54bf4cf\" data-element_type=\"widget\" data-widget_type=\"spacer.default\">\n\t\t\t\t<div class=\"elementor-widget-container\">\n\t\t\t\t\t<div class=\"elementor-spacer\">\n\t\t\t<div class=\"elementor-spacer-inner\"><\/div>\n\t\t<\/div>\n\t\t\t\t<\/div>\n\t\t\t\t<\/div>\n\t\t\t\t\t\t<\/div>\n\t\t\t<\/div>\n\t\t<\/div>\n\t\t\t\t\t\t<\/div>\n\t\t\t<\/div>\n\t\t<\/section>\n\t\t\t\t\t\t<\/div>\n\t\t\t<\/div>\n\t\t<\/div>\n\t\t","protected":false},"excerpt":{"rendered":"<p>Vous accompagner dans la d\u00e9finition et l\u2019atteinte de votre objectif\u00a0 La d\u00e9marche d\u2019Identi&rsquo;Sens est un accompagnement sur-mesure. Elle s\u2019exerce dans un cadre de confidentialit\u00e9, d\u2019authenticit\u00e9 et de confiance et s\u2019inscrit dans le respect du Code de d\u00e9ontologie de l\u2019EMCC France. Actifs en transition Vous avez l\u2019impression d\u2019\u00eatre \u00ab d\u00e9connect\u00e9(e) \u00bb du march\u00e9 du travail ; [&hellip;]<\/p>\n","protected":false},"author":1,"featured_media":0,"parent":0,"menu_order":0,"comment_status":"closed","ping_status":"closed","template":"full-width.php","meta":{"_mo_disable_npp":""},"_links":{"self":[{"href":"https:\/\/www.identisens.fr\/index.php\/wp-json\/wp\/v2\/pages\/151"}],"collection":[{"href":"https:\/\/www.identisens.fr\/index.php\/wp-json\/wp\/v2\/pages"}],"about":[{"href":"https:\/\/www.identisens.fr\/index.php\/wp-json\/wp\/v2\/types\/page"}],"author":[{"embeddable":true,"href":"https:\/\/www.identisens.fr\/index.php\/wp-json\/wp\/v2\/users\/1"}],"replies":[{"embeddable":true,"href":"https:\/\/www.identisens.fr\/index.php\/wp-json\/wp\/v2\/comments?post=151"}],"version-history":[{"count":113,"href":"https:\/\/www.identisens.fr\/index.php\/wp-json\/wp\/v2\/pages\/151\/revisions"}],"predecessor-version":[{"id":1334,"href":"https:\/\/www.identisens.fr\/index.php\/wp-json\/wp\/v2\/pages\/151\/revisions\/1334"}],"wp:attachment":[{"href":"https:\/\/www.identisens.fr\/index.php\/wp-json\/wp\/v2\/media?parent=151"}],"curies":[{"name":"wp","href":"https:\/\/api.w.org\/{rel}","templated":true}]}}